{"id":1038,"date":"2023-08-30T10:27:32","date_gmt":"2023-08-30T10:27:32","guid":{"rendered":"https:\/\/www.mefluife-ujagr.es\/?page_id=1038"},"modified":"2023-09-11T09:08:17","modified_gmt":"2023-09-11T09:08:17","slug":"medios-de-fabricacion","status":"publish","type":"page","link":"https:\/\/www.mefluife-ujagr.es\/en\/recursos\/medios-de-fabricacion\/","title":{"rendered":"Means of production"},"content":{"rendered":"<p>In order to carry out the experimental work of our research lines, we make use of numerous machines to manufacture parts and models. We have at our disposal the use of:<\/p>\n\n\n\n<p>- 2 5-axis numerical control machining centres<\/p>\n\n\n\n<p>- Waterjet cutting machine<\/p>\n\n\n\n<p>- 3D printers of different finish, precision and bed size.<\/p>\n\n\n\n<p>- Lathes, milling machines, vertical drilling machines.<\/p>\n\n\n\n<div style=\"height:50px\" aria-hidden=\"true\" class=\"wp-block-spacer\"><\/div>\n\n\n\n<figure class=\"wp-block-gallery has-nested-images columns-default is-cropped wp-block-gallery-1 is-layout-flex wp-block-gallery-is-layout-flex\">\n<figure class=\"wp-block-image size-full\"><a href=\"https:\/\/www.mefluife-ujagr.es\/wp-content\/uploads\/2023\/09\/3_Medios_de_Fabricacion.jpg\"><img decoding=\"async\" width=\"480\" height=\"480\" data-id=\"2058\" src=\"https:\/\/www.mefluife-ujagr.es\/wp-content\/uploads\/2023\/09\/3_Medios_de_Fabricacion.jpg\" alt=\"\" class=\"wp-image-2058\" srcset=\"https:\/\/www.mefluife-ujagr.es\/wp-content\/uploads\/2023\/09\/3_Medios_de_Fabricacion.jpg 480w, https:\/\/www.mefluife-ujagr.es\/wp-content\/uploads\/2023\/09\/3_Medios_de_Fabricacion-300x300.jpg 300w, https:\/\/www.mefluife-ujagr.es\/wp-content\/uploads\/2023\/09\/3_Medios_de_Fabricacion-150x150.jpg 150w\" sizes=\"(max-width: 480px) 100vw, 480px\" \/><\/a><\/figure>\n\n\n\n<figure class=\"wp-block-image size-full\"><a href=\"https:\/\/www.mefluife-ujagr.es\/wp-content\/uploads\/2023\/09\/4_Medios_de_Fabricacion.jpg\"><img decoding=\"async\" width=\"1600\" height=\"1016\" data-id=\"2059\" src=\"https:\/\/www.mefluife-ujagr.es\/wp-content\/uploads\/2023\/09\/4_Medios_de_Fabricacion.jpg\" alt=\"\" class=\"wp-image-2059\" srcset=\"https:\/\/www.mefluife-ujagr.es\/wp-content\/uploads\/2023\/09\/4_Medios_de_Fabricacion.jpg 1600w, https:\/\/www.mefluife-ujagr.es\/wp-content\/uploads\/2023\/09\/4_Medios_de_Fabricacion-300x191.jpg 300w, https:\/\/www.mefluife-ujagr.es\/wp-content\/uploads\/2023\/09\/4_Medios_de_Fabricacion-1024x651.jpg 1024w, https:\/\/www.mefluife-ujagr.es\/wp-content\/uploads\/2023\/09\/4_Medios_de_Fabricacion-768x488.jpg 768w, https:\/\/www.mefluife-ujagr.es\/wp-content\/uploads\/2023\/09\/4_Medios_de_Fabricacion-1536x976.jpg 1536w\" sizes=\"(max-width: 1600px) 100vw, 1600px\" \/><\/a><\/figure>\n\n\n\n<figure class=\"wp-block-image size-full\"><a href=\"https:\/\/www.mefluife-ujagr.es\/wp-content\/uploads\/2023\/09\/5_Medios_de_Fabricacion.webp\"><img decoding=\"async\" width=\"800\" height=\"800\" data-id=\"2060\" src=\"https:\/\/www.mefluife-ujagr.es\/wp-content\/uploads\/2023\/09\/5_Medios_de_Fabricacion.webp\" alt=\"\" class=\"wp-image-2060\" srcset=\"https:\/\/www.mefluife-ujagr.es\/wp-content\/uploads\/2023\/09\/5_Medios_de_Fabricacion.webp 800w, https:\/\/www.mefluife-ujagr.es\/wp-content\/uploads\/2023\/09\/5_Medios_de_Fabricacion-300x300.webp 300w, https:\/\/www.mefluife-ujagr.es\/wp-content\/uploads\/2023\/09\/5_Medios_de_Fabricacion-150x150.webp 150w, https:\/\/www.mefluife-ujagr.es\/wp-content\/uploads\/2023\/09\/5_Medios_de_Fabricacion-768x768.webp 768w\" sizes=\"(max-width: 800px) 100vw, 800px\" \/><\/a><\/figure>\n\n\n\n<figure class=\"wp-block-image size-full\"><a href=\"https:\/\/www.mefluife-ujagr.es\/wp-content\/uploads\/2023\/09\/2_Medios_de_Fabricacion.jpg\"><img decoding=\"async\" width=\"947\" height=\"500\" data-id=\"2061\" src=\"https:\/\/www.mefluife-ujagr.es\/wp-content\/uploads\/2023\/09\/2_Medios_de_Fabricacion.jpg\" alt=\"\" class=\"wp-image-2061\" srcset=\"https:\/\/www.mefluife-ujagr.es\/wp-content\/uploads\/2023\/09\/2_Medios_de_Fabricacion.jpg 947w, https:\/\/www.mefluife-ujagr.es\/wp-content\/uploads\/2023\/09\/2_Medios_de_Fabricacion-300x158.jpg 300w, https:\/\/www.mefluife-ujagr.es\/wp-content\/uploads\/2023\/09\/2_Medios_de_Fabricacion-768x405.jpg 768w\" sizes=\"(max-width: 947px) 100vw, 947px\" \/><\/a><\/figure>\n\n\n\n<figure class=\"wp-block-image size-full\"><a href=\"https:\/\/www.mefluife-ujagr.es\/wp-content\/uploads\/2023\/09\/1_Medios_de_Fabricacion.jpg\"><img decoding=\"async\" width=\"900\" height=\"506\" data-id=\"2062\" src=\"https:\/\/www.mefluife-ujagr.es\/wp-content\/uploads\/2023\/09\/1_Medios_de_Fabricacion.jpg\" alt=\"\" class=\"wp-image-2062\" srcset=\"https:\/\/www.mefluife-ujagr.es\/wp-content\/uploads\/2023\/09\/1_Medios_de_Fabricacion.jpg 900w, https:\/\/www.mefluife-ujagr.es\/wp-content\/uploads\/2023\/09\/1_Medios_de_Fabricacion-300x169.jpg 300w, https:\/\/www.mefluife-ujagr.es\/wp-content\/uploads\/2023\/09\/1_Medios_de_Fabricacion-768x432.jpg 768w\" sizes=\"(max-width: 900px) 100vw, 900px\" \/><\/a><\/figure>\n<\/figure>","protected":false},"excerpt":{"rendered":"<p>Para llevar a cabo las labores experimentales de nuestras l\u00edneas de investigaci\u00f3n, hacemos uso de numerosas m\u00e1quinas para fabricar piezas y modelos. Tenemos a nuestra disposici\u00f3n el uso de: &#8211; 2 centros de mecanizado de 5 ejes de control num\u00e9rico &#8211; M\u00e1quina de corte por agua &#8211; Impresoras 3D de distinto acabado, precisi\u00f3n y tama\u00f1o &hellip;<\/p>\n<p class=\"read-more\"> <a class=\"\" href=\"https:\/\/www.mefluife-ujagr.es\/en\/recursos\/medios-de-fabricacion\/\"> <span class=\"screen-reader-text\">Means of production<\/span> Read More &raquo;<\/a><\/p>","protected":false},"author":1,"featured_media":2062,"parent":80,"menu_order":0,"comment_status":"closed","ping_status":"closed","template":"","meta":{"site-sidebar-layout":"default","site-content-layout":"","ast-site-content-layout":"","site-content-style":"default","site-sidebar-style":"default","ast-global-header-display":"","ast-banner-title-visibility":"","ast-main-header-display":"","ast-hfb-above-header-display":"","ast-hfb-below-header-display":"","ast-hfb-mobile-header-display":"","site-post-title":"","ast-breadcrumbs-content":"","ast-featured-img":"","footer-sml-layout":"","theme-transparent-header-meta":"","adv-header-id-meta":"","stick-header-meta":"","header-above-stick-meta":"","header-main-stick-meta":"","header-below-stick-meta":"","astra-migrate-meta-layouts":"","footnotes":""},"class_list":["post-1038","page","type-page","status-publish","has-post-thumbnail","hentry"],"_links":{"self":[{"href":"https:\/\/www.mefluife-ujagr.es\/en\/wp-json\/wp\/v2\/pages\/1038","targetHints":{"allow":["GET"]}}],"collection":[{"href":"https:\/\/www.mefluife-ujagr.es\/en\/wp-json\/wp\/v2\/pages"}],"about":[{"href":"https:\/\/www.mefluife-ujagr.es\/en\/wp-json\/wp\/v2\/types\/page"}],"author":[{"embeddable":true,"href":"https:\/\/www.mefluife-ujagr.es\/en\/wp-json\/wp\/v2\/users\/1"}],"replies":[{"embeddable":true,"href":"https:\/\/www.mefluife-ujagr.es\/en\/wp-json\/wp\/v2\/comments?post=1038"}],"version-history":[{"count":4,"href":"https:\/\/www.mefluife-ujagr.es\/en\/wp-json\/wp\/v2\/pages\/1038\/revisions"}],"predecessor-version":[{"id":2065,"href":"https:\/\/www.mefluife-ujagr.es\/en\/wp-json\/wp\/v2\/pages\/1038\/revisions\/2065"}],"up":[{"embeddable":true,"href":"https:\/\/www.mefluife-ujagr.es\/en\/wp-json\/wp\/v2\/pages\/80"}],"wp:featuredmedia":[{"embeddable":true,"href":"https:\/\/www.mefluife-ujagr.es\/en\/wp-json\/wp\/v2\/media\/2062"}],"wp:attachment":[{"href":"https:\/\/www.mefluife-ujagr.es\/en\/wp-json\/wp\/v2\/media?parent=1038"}],"curies":[{"name":"wp","href":"https:\/\/api.w.org\/{rel}","templated":true}]}}