{"id":1040,"date":"2023-08-30T10:28:10","date_gmt":"2023-08-30T10:28:10","guid":{"rendered":"https:\/\/www.mefluife-ujagr.es\/?page_id=1040"},"modified":"2023-09-11T09:09:44","modified_gmt":"2023-09-11T09:09:44","slug":"software","status":"publish","type":"page","link":"https:\/\/www.mefluife-ujagr.es\/en\/recursos\/software\/","title":{"rendered":"Software"},"content":{"rendered":"<p>Para poder llevar a cabo nuestra investigaci\u00f3n, tenemos experiencia en los siguientes softwares generales y espec\u00edficos:<\/p>\n\n\n\n<ul class=\"wp-block-list\">\n<li>Multiprop\u00f3sito de procesado, tratamiento y an\u00e1lisis de datos: Matlab<\/li>\n\n\n\n<li>CFD: ANSYS Fluent, OpenFOAM, COMSOL, Basilisk, Paraview<\/li>\n\n\n\n<li>CAD: CATIA, Solidworks<\/li>\n\n\n\n<li>PIV y HWA: Lavision Davis, TSI Insight, TSI Thermal Pro<\/li>\n\n\n\n<li>C\u00e1maras de alta velocidad y resoluci\u00f3n: Photron PFV, Camware, Vision Research<\/li>\n\n\n\n<li>Adquisici\u00f3n y sincronizaci\u00f3n de se\u00f1ales: Labview<\/li>\n<\/ul>\n\n\n\n<div style=\"height:50px\" aria-hidden=\"true\" class=\"wp-block-spacer\"><\/div>\n\n\n\n<figure class=\"wp-block-gallery has-nested-images columns-4 is-cropped wp-block-gallery-1 is-layout-flex wp-block-gallery-is-layout-flex\">\n<figure class=\"wp-block-image size-full\"><a href=\"https:\/\/www.mefluife-ujagr.es\/wp-content\/uploads\/2023\/09\/3_Software.jpg\"><img decoding=\"async\" width=\"700\" height=\"547\" data-id=\"2066\" src=\"https:\/\/www.mefluife-ujagr.es\/wp-content\/uploads\/2023\/09\/3_Software.jpg\" alt=\"\" class=\"wp-image-2066\" srcset=\"https:\/\/www.mefluife-ujagr.es\/wp-content\/uploads\/2023\/09\/3_Software.jpg 700w, https:\/\/www.mefluife-ujagr.es\/wp-content\/uploads\/2023\/09\/3_Software-300x234.jpg 300w\" sizes=\"(max-width: 700px) 100vw, 700px\" \/><\/a><\/figure>\n\n\n\n<figure class=\"wp-block-image size-full\"><a href=\"https:\/\/www.mefluife-ujagr.es\/wp-content\/uploads\/2023\/09\/2_Software.jpg\"><img decoding=\"async\" width=\"1281\" height=\"720\" data-id=\"2067\" src=\"https:\/\/www.mefluife-ujagr.es\/wp-content\/uploads\/2023\/09\/2_Software.jpg\" alt=\"\" class=\"wp-image-2067\" srcset=\"https:\/\/www.mefluife-ujagr.es\/wp-content\/uploads\/2023\/09\/2_Software.jpg 1281w, https:\/\/www.mefluife-ujagr.es\/wp-content\/uploads\/2023\/09\/2_Software-300x169.jpg 300w, https:\/\/www.mefluife-ujagr.es\/wp-content\/uploads\/2023\/09\/2_Software-1024x576.jpg 1024w, https:\/\/www.mefluife-ujagr.es\/wp-content\/uploads\/2023\/09\/2_Software-768x432.jpg 768w\" sizes=\"(max-width: 1281px) 100vw, 1281px\" \/><\/a><\/figure>\n\n\n\n<figure class=\"wp-block-image size-full\"><a href=\"https:\/\/www.mefluife-ujagr.es\/wp-content\/uploads\/2023\/09\/1_Software.jpg\"><img decoding=\"async\" width=\"259\" height=\"194\" data-id=\"2068\" src=\"https:\/\/www.mefluife-ujagr.es\/wp-content\/uploads\/2023\/09\/1_Software.jpg\" alt=\"\" class=\"wp-image-2068\"\/><\/a><\/figure>\n\n\n\n<figure class=\"wp-block-image size-full\"><a href=\"https:\/\/www.mefluife-ujagr.es\/wp-content\/uploads\/2023\/09\/4_Software.jpg\"><img decoding=\"async\" width=\"1280\" height=\"720\" data-id=\"2069\" src=\"https:\/\/www.mefluife-ujagr.es\/wp-content\/uploads\/2023\/09\/4_Software.jpg\" alt=\"\" class=\"wp-image-2069\" srcset=\"https:\/\/www.mefluife-ujagr.es\/wp-content\/uploads\/2023\/09\/4_Software.jpg 1280w, https:\/\/www.mefluife-ujagr.es\/wp-content\/uploads\/2023\/09\/4_Software-300x169.jpg 300w, https:\/\/www.mefluife-ujagr.es\/wp-content\/uploads\/2023\/09\/4_Software-1024x576.jpg 1024w, https:\/\/www.mefluife-ujagr.es\/wp-content\/uploads\/2023\/09\/4_Software-768x432.jpg 768w\" sizes=\"(max-width: 1280px) 100vw, 1280px\" \/><\/a><\/figure>\n<\/figure>","protected":false},"excerpt":{"rendered":"<p>Para poder llevar a cabo nuestra investigaci\u00f3n, tenemos experiencia en los siguientes softwares generales y espec\u00edficos:<\/p>","protected":false},"author":1,"featured_media":0,"parent":80,"menu_order":0,"comment_status":"closed","ping_status":"closed","template":"","meta":{"site-sidebar-layout":"default","site-content-layout":"","ast-site-content-layout":"","site-content-style":"default","site-sidebar-style":"default","ast-global-header-display":"","ast-banner-title-visibility":"","ast-main-header-display":"","ast-hfb-above-header-display":"","ast-hfb-below-header-display":"","ast-hfb-mobile-header-display":"","site-post-title":"","ast-breadcrumbs-content":"","ast-featured-img":"","footer-sml-layout":"","theme-transparent-header-meta":"","adv-header-id-meta":"","stick-header-meta":"","header-above-stick-meta":"","header-main-stick-meta":"","header-below-stick-meta":"","astra-migrate-meta-layouts":"","footnotes":""},"class_list":["post-1040","page","type-page","status-publish","hentry"],"_links":{"self":[{"href":"https:\/\/www.mefluife-ujagr.es\/en\/wp-json\/wp\/v2\/pages\/1040","targetHints":{"allow":["GET"]}}],"collection":[{"href":"https:\/\/www.mefluife-ujagr.es\/en\/wp-json\/wp\/v2\/pages"}],"about":[{"href":"https:\/\/www.mefluife-ujagr.es\/en\/wp-json\/wp\/v2\/types\/page"}],"author":[{"embeddable":true,"href":"https:\/\/www.mefluife-ujagr.es\/en\/wp-json\/wp\/v2\/users\/1"}],"replies":[{"embeddable":true,"href":"https:\/\/www.mefluife-ujagr.es\/en\/wp-json\/wp\/v2\/comments?post=1040"}],"version-history":[{"count":5,"href":"https:\/\/www.mefluife-ujagr.es\/en\/wp-json\/wp\/v2\/pages\/1040\/revisions"}],"predecessor-version":[{"id":2073,"href":"https:\/\/www.mefluife-ujagr.es\/en\/wp-json\/wp\/v2\/pages\/1040\/revisions\/2073"}],"up":[{"embeddable":true,"href":"https:\/\/www.mefluife-ujagr.es\/en\/wp-json\/wp\/v2\/pages\/80"}],"wp:attachment":[{"href":"https:\/\/www.mefluife-ujagr.es\/en\/wp-json\/wp\/v2\/media?parent=1040"}],"curies":[{"name":"wp","href":"https:\/\/api.w.org\/{rel}","templated":true}]}}