{"id":1042,"date":"2023-08-30T10:28:29","date_gmt":"2023-08-30T10:28:29","guid":{"rendered":"https:\/\/www.mefluife-ujagr.es\/?page_id=1042"},"modified":"2023-09-11T09:12:52","modified_gmt":"2023-09-11T09:12:52","slug":"otras-instalaciones","status":"publish","type":"page","link":"https:\/\/www.mefluife-ujagr.es\/en\/recursos\/otras-instalaciones\/","title":{"rendered":"Other facilities"},"content":{"rendered":"<p>Adem\u00e1s de los medios propios, nuestro grupo ha usado y tiene acceso a las instalaciones y equipos del Instituto Interuniversitario del Sistema Tierra en Andaluc\u00eda (IISTA), de las instalaciones de supercomputaci\u00f3n de la UGR (superordenador UGRGRID, ALHAMBRA y ALBAIC\u00cdN) y de la UMA (Superordenador PICASSO).<\/p>\n\n\n\n<div style=\"height:50px\" aria-hidden=\"true\" class=\"wp-block-spacer\"><\/div>\n\n\n\n<figure class=\"wp-block-gallery has-nested-images columns-4 is-cropped wp-block-gallery-1 is-layout-flex wp-block-gallery-is-layout-flex\">\n<figure class=\"wp-block-image size-full\"><a href=\"https:\/\/www.mefluife-ujagr.es\/wp-content\/uploads\/2023\/09\/4_Otras_Instalaciones.jpg\"><img decoding=\"async\" width=\"1024\" height=\"678\" data-id=\"2079\" src=\"https:\/\/www.mefluife-ujagr.es\/wp-content\/uploads\/2023\/09\/4_Otras_Instalaciones.jpg\" alt=\"\" class=\"wp-image-2079\" srcset=\"https:\/\/www.mefluife-ujagr.es\/wp-content\/uploads\/2023\/09\/4_Otras_Instalaciones.jpg 1024w, https:\/\/www.mefluife-ujagr.es\/wp-content\/uploads\/2023\/09\/4_Otras_Instalaciones-300x199.jpg 300w, https:\/\/www.mefluife-ujagr.es\/wp-content\/uploads\/2023\/09\/4_Otras_Instalaciones-768x509.jpg 768w\" sizes=\"(max-width: 1024px) 100vw, 1024px\" \/><\/a><\/figure>\n\n\n\n<figure class=\"wp-block-image size-full\"><a href=\"https:\/\/www.mefluife-ujagr.es\/wp-content\/uploads\/2023\/09\/3_Otras_Instalaciones.jpg\"><img decoding=\"async\" width=\"1024\" height=\"1365\" data-id=\"2080\" src=\"https:\/\/www.mefluife-ujagr.es\/wp-content\/uploads\/2023\/09\/3_Otras_Instalaciones.jpg\" alt=\"\" class=\"wp-image-2080\" srcset=\"https:\/\/www.mefluife-ujagr.es\/wp-content\/uploads\/2023\/09\/3_Otras_Instalaciones.jpg 1024w, https:\/\/www.mefluife-ujagr.es\/wp-content\/uploads\/2023\/09\/3_Otras_Instalaciones-225x300.jpg 225w, https:\/\/www.mefluife-ujagr.es\/wp-content\/uploads\/2023\/09\/3_Otras_Instalaciones-768x1024.jpg 768w\" sizes=\"(max-width: 1024px) 100vw, 1024px\" \/><\/a><\/figure>\n\n\n\n<figure class=\"wp-block-image size-full\"><a href=\"https:\/\/www.mefluife-ujagr.es\/wp-content\/uploads\/2023\/09\/2_Otras_Instalaciones-1.jpg\"><img decoding=\"async\" width=\"1024\" height=\"768\" data-id=\"2081\" src=\"https:\/\/www.mefluife-ujagr.es\/wp-content\/uploads\/2023\/09\/2_Otras_Instalaciones-1.jpg\" alt=\"\" class=\"wp-image-2081\" srcset=\"https:\/\/www.mefluife-ujagr.es\/wp-content\/uploads\/2023\/09\/2_Otras_Instalaciones-1.jpg 1024w, https:\/\/www.mefluife-ujagr.es\/wp-content\/uploads\/2023\/09\/2_Otras_Instalaciones-1-300x225.jpg 300w, https:\/\/www.mefluife-ujagr.es\/wp-content\/uploads\/2023\/09\/2_Otras_Instalaciones-1-768x576.jpg 768w\" sizes=\"(max-width: 1024px) 100vw, 1024px\" \/><\/a><\/figure>\n\n\n\n<figure class=\"wp-block-image size-full\"><a href=\"https:\/\/www.mefluife-ujagr.es\/wp-content\/uploads\/2023\/09\/1_Otras_Instalaciones.jpg\"><img decoding=\"async\" width=\"1024\" height=\"768\" data-id=\"2082\" src=\"https:\/\/www.mefluife-ujagr.es\/wp-content\/uploads\/2023\/09\/1_Otras_Instalaciones.jpg\" alt=\"\" class=\"wp-image-2082\" srcset=\"https:\/\/www.mefluife-ujagr.es\/wp-content\/uploads\/2023\/09\/1_Otras_Instalaciones.jpg 1024w, https:\/\/www.mefluife-ujagr.es\/wp-content\/uploads\/2023\/09\/1_Otras_Instalaciones-300x225.jpg 300w, https:\/\/www.mefluife-ujagr.es\/wp-content\/uploads\/2023\/09\/1_Otras_Instalaciones-768x576.jpg 768w\" sizes=\"(max-width: 1024px) 100vw, 1024px\" \/><\/a><\/figure>\n<\/figure>","protected":false},"excerpt":{"rendered":"<p>Adem\u00e1s de los medios propios, nuestro grupo ha usado y tiene acceso a las instalaciones y equipos del Instituto Interuniversitario del Sistema Tierra en Andaluc\u00eda (IISTA), de las instalaciones de supercomputaci\u00f3n de la UGR (superordenador UGRGRID, ALHAMBRA y ALBAIC\u00cdN) y de la UMA (Superordenador PICASSO).<\/p>","protected":false},"author":1,"featured_media":0,"parent":80,"menu_order":0,"comment_status":"closed","ping_status":"closed","template":"","meta":{"site-sidebar-layout":"default","site-content-layout":"","ast-site-content-layout":"","site-content-style":"default","site-sidebar-style":"default","ast-global-header-display":"","ast-banner-title-visibility":"","ast-main-header-display":"","ast-hfb-above-header-display":"","ast-hfb-below-header-display":"","ast-hfb-mobile-header-display":"","site-post-title":"","ast-breadcrumbs-content":"","ast-featured-img":"","footer-sml-layout":"","theme-transparent-header-meta":"","adv-header-id-meta":"","stick-header-meta":"","header-above-stick-meta":"","header-main-stick-meta":"","header-below-stick-meta":"","astra-migrate-meta-layouts":"","footnotes":""},"class_list":["post-1042","page","type-page","status-publish","hentry"],"_links":{"self":[{"href":"https:\/\/www.mefluife-ujagr.es\/en\/wp-json\/wp\/v2\/pages\/1042","targetHints":{"allow":["GET"]}}],"collection":[{"href":"https:\/\/www.mefluife-ujagr.es\/en\/wp-json\/wp\/v2\/pages"}],"about":[{"href":"https:\/\/www.mefluife-ujagr.es\/en\/wp-json\/wp\/v2\/types\/page"}],"author":[{"embeddable":true,"href":"https:\/\/www.mefluife-ujagr.es\/en\/wp-json\/wp\/v2\/users\/1"}],"replies":[{"embeddable":true,"href":"https:\/\/www.mefluife-ujagr.es\/en\/wp-json\/wp\/v2\/comments?post=1042"}],"version-history":[{"count":5,"href":"https:\/\/www.mefluife-ujagr.es\/en\/wp-json\/wp\/v2\/pages\/1042\/revisions"}],"predecessor-version":[{"id":2085,"href":"https:\/\/www.mefluife-ujagr.es\/en\/wp-json\/wp\/v2\/pages\/1042\/revisions\/2085"}],"up":[{"embeddable":true,"href":"https:\/\/www.mefluife-ujagr.es\/en\/wp-json\/wp\/v2\/pages\/80"}],"wp:attachment":[{"href":"https:\/\/www.mefluife-ujagr.es\/en\/wp-json\/wp\/v2\/media?parent=1042"}],"curies":[{"name":"wp","href":"https:\/\/api.w.org\/{rel}","templated":true}]}}