{"id":1354,"date":"2023-09-01T10:17:59","date_gmt":"2023-09-01T10:17:59","guid":{"rendered":"https:\/\/www.mefluife-ujagr.es\/?page_id=1354"},"modified":"2023-09-29T08:14:37","modified_gmt":"2023-09-29T08:14:37","slug":"trayectoria-del-grupo","status":"publish","type":"page","link":"https:\/\/www.mefluife-ujagr.es\/en\/sobre-nosotros\/trayectoria-del-grupo\/","title":{"rendered":"The group's trajectory"},"content":{"rendered":"<p>The research group was created in 2007, coinciding with the arrival of Prof. Carlos Mart\u00ednez-Baz\u00e1n at the University of Ja\u00e9n. The group has been growing since then with the training and incorporation of different researchers over the years, and the equipment and facilities available have increased significantly. In 2020, part of the group moved to the University of Granada. The main milestones are as follows:<\/p>\n\n\n\n<p>- Obtaining more than 20 research projects in local, regional, national and international calls, which has meant a total investment of more than 3M\u20ac. In addition, we have participated in the achievement of 3 large infrastructure projects that have allowed the acquisition of first level scientific equipment for the development of the group's research.<\/p>\n\n\n\n<p>- The publication of more than 60 scientific articles in first level international journals such as the Annual Review of Fluid Mechanics, the Journal of Fluid Mechanics, Physical Review Letters, among others. Likewise, the researchers members of the group are regular reviewers of first level journals in the field of Fluid Mechanics.<\/p>\n\n\n\n<p>- Direction of more than 10 doctoral theses with international mention.<\/p>\n\n\n\n<p>- Management of some 10 knowledge transfer contracts with companies such as Valeo Iluminaci\u00f3n, Liderkit, Eiffage, Pl\u00e1sticos Hidrosolubles, PeqPeq Espacios Saludables.<\/p>\n\n\n\n<p>- Incorporation of researchers in calls for talent recruitment (Juan de la Cierva, Ram\u00f3n y Cajal, Recruitment of Doctors Junta de Andaluc\u00eda), obtaining grants for the training of doctors (FPI, FPU), funding in competitive calls for international pre (Short Stays and Temporary Transfers FPU) and postdoctoral stays (Jos\u00e9 Castillejo and Salvador de Madariaga Grants).<\/p>\n\n\n\n<div style=\"height:20px\" aria-hidden=\"true\" class=\"wp-block-spacer\"><\/div>\n\n\n\n<p><\/p>\n\n\n\n<figure class=\"wp-block-gallery has-nested-images columns-4 is-cropped wp-block-gallery-1 is-layout-flex wp-block-gallery-is-layout-flex\">\n<figure class=\"wp-block-image size-large\"><a href=\"https:\/\/www.mefluife-ujagr.es\/wp-content\/uploads\/2023\/09\/7_Trayectoria.jpg\"><img decoding=\"async\" width=\"1024\" height=\"461\" data-id=\"3945\" src=\"https:\/\/www.mefluife-ujagr.es\/wp-content\/uploads\/2023\/09\/7_Trayectoria.jpg\" alt=\"\" class=\"wp-image-3945\" srcset=\"https:\/\/www.mefluife-ujagr.es\/wp-content\/uploads\/2023\/09\/7_Trayectoria.jpg 1024w, https:\/\/www.mefluife-ujagr.es\/wp-content\/uploads\/2023\/09\/7_Trayectoria-300x135.jpg 300w, https:\/\/www.mefluife-ujagr.es\/wp-content\/uploads\/2023\/09\/7_Trayectoria-768x346.jpg 768w\" sizes=\"(max-width: 1024px) 100vw, 1024px\" \/><\/a><\/figure>\n\n\n\n<figure class=\"wp-block-image size-large\"><a href=\"https:\/\/www.mefluife-ujagr.es\/wp-content\/uploads\/2023\/09\/6_Trayectoria.jpg\"><img decoding=\"async\" width=\"1024\" height=\"1000\" data-id=\"3946\" src=\"https:\/\/www.mefluife-ujagr.es\/wp-content\/uploads\/2023\/09\/6_Trayectoria.jpg\" alt=\"\" class=\"wp-image-3946\" srcset=\"https:\/\/www.mefluife-ujagr.es\/wp-content\/uploads\/2023\/09\/6_Trayectoria.jpg 1024w, https:\/\/www.mefluife-ujagr.es\/wp-content\/uploads\/2023\/09\/6_Trayectoria-300x293.jpg 300w, https:\/\/www.mefluife-ujagr.es\/wp-content\/uploads\/2023\/09\/6_Trayectoria-768x750.jpg 768w\" sizes=\"(max-width: 1024px) 100vw, 1024px\" \/><\/a><\/figure>\n\n\n\n<figure class=\"wp-block-image size-large\"><a href=\"https:\/\/www.mefluife-ujagr.es\/wp-content\/uploads\/2023\/09\/5_Trayectoria.jpg\"><img decoding=\"async\" width=\"816\" height=\"1024\" data-id=\"3947\" src=\"https:\/\/www.mefluife-ujagr.es\/wp-content\/uploads\/2023\/09\/5_Trayectoria-816x1024.jpg\" alt=\"\" class=\"wp-image-3947\" srcset=\"https:\/\/www.mefluife-ujagr.es\/wp-content\/uploads\/2023\/09\/5_Trayectoria-816x1024.jpg 816w, https:\/\/www.mefluife-ujagr.es\/wp-content\/uploads\/2023\/09\/5_Trayectoria-239x300.jpg 239w, https:\/\/www.mefluife-ujagr.es\/wp-content\/uploads\/2023\/09\/5_Trayectoria-768x964.jpg 768w, https:\/\/www.mefluife-ujagr.es\/wp-content\/uploads\/2023\/09\/5_Trayectoria.jpg 1024w\" sizes=\"(max-width: 816px) 100vw, 816px\" \/><\/a><\/figure>\n\n\n\n<figure class=\"wp-block-image size-large\"><a href=\"https:\/\/www.mefluife-ujagr.es\/wp-content\/uploads\/2023\/09\/2_Trayectoria.jpg\"><img decoding=\"async\" width=\"1024\" height=\"768\" data-id=\"3948\" src=\"https:\/\/www.mefluife-ujagr.es\/wp-content\/uploads\/2023\/09\/2_Trayectoria.jpg\" alt=\"\" class=\"wp-image-3948\" srcset=\"https:\/\/www.mefluife-ujagr.es\/wp-content\/uploads\/2023\/09\/2_Trayectoria.jpg 1024w, https:\/\/www.mefluife-ujagr.es\/wp-content\/uploads\/2023\/09\/2_Trayectoria-300x225.jpg 300w, https:\/\/www.mefluife-ujagr.es\/wp-content\/uploads\/2023\/09\/2_Trayectoria-768x576.jpg 768w\" sizes=\"(max-width: 1024px) 100vw, 1024px\" \/><\/a><\/figure>\n<\/figure>","protected":false},"excerpt":{"rendered":"<p>El grupo de investigaci\u00f3n fue creado en 2007, coincidiendo con la llegada del Prof. Carlos Mart\u00ednez-Baz\u00e1n a la Universidad de Ja\u00e9n. El grupo ha ido creciendo desde entonces con la formaci\u00f3n e incorporaci\u00f3n de diferentes investigadores en estos a\u00f1os, adem\u00e1s, se ha conseguido aumentar el equipamiento e instalaciones disponibles de manera notable. En 2020, parte &hellip;<\/p>\n<p class=\"read-more\"> <a class=\"\" href=\"https:\/\/www.mefluife-ujagr.es\/en\/sobre-nosotros\/trayectoria-del-grupo\/\"> <span class=\"screen-reader-text\">The group's trajectory<\/span> Read More &raquo;<\/a><\/p>","protected":false},"author":1,"featured_media":3943,"parent":74,"menu_order":0,"comment_status":"closed","ping_status":"closed","template":"","meta":{"site-sidebar-layout":"default","site-content-layout":"","ast-site-content-layout":"default","site-content-style":"default","site-sidebar-style":"default","ast-global-header-display":"","ast-banner-title-visibility":"","ast-main-header-display":"","ast-hfb-above-header-display":"","ast-hfb-below-header-display":"","ast-hfb-mobile-header-display":"","site-post-title":"","ast-breadcrumbs-content":"","ast-featured-img":"","footer-sml-layout":"","theme-transparent-header-meta":"","adv-header-id-meta":"","stick-header-meta":"","header-above-stick-meta":"","header-main-stick-meta":"","header-below-stick-meta":"","astra-migrate-meta-layouts":"set","footnotes":""},"class_list":["post-1354","page","type-page","status-publish","has-post-thumbnail","hentry"],"_links":{"self":[{"href":"https:\/\/www.mefluife-ujagr.es\/en\/wp-json\/wp\/v2\/pages\/1354","targetHints":{"allow":["GET"]}}],"collection":[{"href":"https:\/\/www.mefluife-ujagr.es\/en\/wp-json\/wp\/v2\/pages"}],"about":[{"href":"https:\/\/www.mefluife-ujagr.es\/en\/wp-json\/wp\/v2\/types\/page"}],"author":[{"embeddable":true,"href":"https:\/\/www.mefluife-ujagr.es\/en\/wp-json\/wp\/v2\/users\/1"}],"replies":[{"embeddable":true,"href":"https:\/\/www.mefluife-ujagr.es\/en\/wp-json\/wp\/v2\/comments?post=1354"}],"version-history":[{"count":6,"href":"https:\/\/www.mefluife-ujagr.es\/en\/wp-json\/wp\/v2\/pages\/1354\/revisions"}],"predecessor-version":[{"id":3965,"href":"https:\/\/www.mefluife-ujagr.es\/en\/wp-json\/wp\/v2\/pages\/1354\/revisions\/3965"}],"up":[{"embeddable":true,"href":"https:\/\/www.mefluife-ujagr.es\/en\/wp-json\/wp\/v2\/pages\/74"}],"wp:featuredmedia":[{"embeddable":true,"href":"https:\/\/www.mefluife-ujagr.es\/en\/wp-json\/wp\/v2\/media\/3943"}],"wp:attachment":[{"href":"https:\/\/www.mefluife-ujagr.es\/en\/wp-json\/wp\/v2\/media?parent=1354"}],"curies":[{"name":"wp","href":"https:\/\/api.w.org\/{rel}","templated":true}]}}