{"id":1416,"date":"2023-09-01T10:58:58","date_gmt":"2023-09-01T10:58:58","guid":{"rendered":"https:\/\/www.mefluife-ujagr.es\/?page_id=1416"},"modified":"2025-12-17T10:39:43","modified_gmt":"2025-12-17T10:39:43","slug":"proyectos","status":"publish","type":"page","link":"https:\/\/www.mefluife-ujagr.es\/en\/lineas-de-investigacion-y-proyectos\/proyectos\/","title":{"rendered":"Projects"},"content":{"rendered":"<div data-elementor-type=\"wp-page\" data-elementor-id=\"1416\" class=\"elementor elementor-1416\" data-elementor-post-type=\"page\">\n\t\t\t\t\t\t\t<div class=\"elementor-element elementor-element-c264064 e-flex e-con-boxed e-con e-parent\" data-id=\"c264064\" data-element_type=\"container\" data-settings=\"{&quot;content_width&quot;:&quot;boxed&quot;}\" data-core-v316-plus=\"true\">\n\t\t\t\t\t<div class=\"e-con-inner\">\n\t\t<div class=\"elementor-element elementor-element-14b5d14 e-flex e-con-boxed e-con e-child\" data-id=\"14b5d14\" data-element_type=\"container\" data-settings=\"{&quot;content_width&quot;:&quot;boxed&quot;}\">\n\t\t\t\t\t<div class=\"e-con-inner\">\n\t\t\t\t<div class=\"elementor-element elementor-element-d756588 elementor-widget elementor-widget-heading\" data-id=\"d756588\" data-element_type=\"widget\" data-widget_type=\"heading.default\">\n\t\t\t\t<div class=\"elementor-widget-container\">\n\t\t\t<style>\/*! elementor - v3.16.0 - 17-10-2023 *\/\n.elementor-heading-title{padding:0;margin:0;line-height:1}.elementor-widget-heading .elementor-heading-title[class*=elementor-size-]>a{color:inherit;font-size:inherit;line-height:inherit}.elementor-widget-heading .elementor-heading-title.elementor-size-small{font-size:15px}.elementor-widget-heading .elementor-heading-title.elementor-size-medium{font-size:19px}.elementor-widget-heading .elementor-heading-title.elementor-size-large{font-size:29px}.elementor-widget-heading .elementor-heading-title.elementor-size-xl{font-size:39px}.elementor-widget-heading .elementor-heading-title.elementor-size-xxl{font-size:59px}<\/style><h2 class=\"elementor-heading-title elementor-size-default\">Projects<\/h2>\t\t<\/div>\n\t\t\t\t<\/div>\n\t\t\t\t<div class=\"elementor-element elementor-element-114cdb3 elementor-grid-3 elementor-grid-tablet-2 elementor-grid-mobile-1 elementor-widget elementor-widget-loop-grid\" data-id=\"114cdb3\" data-element_type=\"widget\" data-settings=\"{&quot;template_id&quot;:&quot;1132&quot;,&quot;columns&quot;:3,&quot;row_gap&quot;:{&quot;unit&quot;:&quot;px&quot;,&quot;size&quot;:30,&quot;sizes&quot;:[]},&quot;_skin&quot;:&quot;post&quot;,&quot;columns_tablet&quot;:&quot;2&quot;,&quot;columns_mobile&quot;:&quot;1&quot;,&quot;edit_handle_selector&quot;:&quot;[data-elementor-type=\\&quot;loop-item\\&quot;]&quot;,&quot;row_gap_tablet&quot;:{&quot;unit&quot;:&quot;px&quot;,&quot;size&quot;:&quot;&quot;,&quot;sizes&quot;:[]},&quot;row_gap_mobile&quot;:{&quot;unit&quot;:&quot;px&quot;,&quot;size&quot;:&quot;&quot;,&quot;sizes&quot;:[]}}\" data-widget_type=\"loop-grid.post\">\n\t\t\t\t<div class=\"elementor-widget-container\">\n\t\t\t<link rel=\"stylesheet\" href=\"https:\/\/www.mefluife-ujagr.es\/wp-content\/plugins\/elementor-pro\/assets\/css\/widget-loop-builder.min.css\">\t\t<div class=\"elementor-loop-container elementor-grid\">\n\t\t<style id=\"loop-dynamic-1132\">.e-loop-item-1153 .elementor-element.elementor-element-37ceacf:not(.elementor-motion-effects-element-type-background), .e-loop-item-1153 .elementor-element.elementor-element-37ceacf > .elementor-motion-effects-container > .elementor-motion-effects-layer{background-image:url(\"https:\/\/www.mefluife-ujagr.es\/wp-content\/uploads\/2023\/09\/1_OP3Trucks.jpg\");}<\/style><style id=\"loop-1132\">.elementor-1132 .elementor-element.elementor-element-710f456e{--display:flex;--flex-direction:column;--container-widget-width:100%;--container-widget-height:initial;--container-widget-flex-grow:0;--container-widget-align-self:initial;--gap:0px 0px;--background-transition:0.3s;border-style:solid;--border-style:solid;border-width:1px 1px 1px 1px;--border-block-start-width:1px;--border-inline-end-width:1px;--border-block-end-width:1px;--border-inline-start-width:1px;border-color:var( --e-global-color-astglobalcolor2 );--border-color:var( --e-global-color-astglobalcolor2 );--padding-block-start:0px;--padding-block-end:0px;--padding-inline-start:0px;--padding-inline-end:0px;}.elementor-1132 .elementor-element.elementor-element-710f456e, .elementor-1132 .elementor-element.elementor-element-710f456e::before{--border-transition:0.3s;}.elementor-1132 .elementor-element.elementor-element-37ceacf{--display:flex;--min-height:240px;--background-transition:0.3s;border-style:solid;--border-style:solid;border-width:0px 0px 1px 0px;--border-block-start-width:0px;--border-inline-end-width:0px;--border-block-end-width:1px;--border-inline-start-width:0px;border-color:var( --e-global-color-astglobalcolor2 );--border-color:var( --e-global-color-astglobalcolor2 );}.elementor-1132 .elementor-element.elementor-element-37ceacf:not(.elementor-motion-effects-element-type-background), .elementor-1132 .elementor-element.elementor-element-37ceacf > .elementor-motion-effects-container > .elementor-motion-effects-layer{background-position:center center;background-repeat:no-repeat;background-size:cover;}.elementor-1132 .elementor-element.elementor-element-37ceacf, .elementor-1132 .elementor-element.elementor-element-37ceacf::before{--border-transition:0.3s;}.elementor-1132 .elementor-element.elementor-element-31d14b1c{--display:flex;--background-transition:0.3s;--padding-block-start:15px;--padding-block-end:15px;--padding-inline-start:15px;--padding-inline-end:15px;}.elementor-1132 .elementor-element.elementor-element-68db402 .elementor-widget-container{color:var( --e-global-color-astglobalcolor0 );}<\/style>\t\t<div data-elementor-type=\"loop-item\" data-elementor-id=\"1132\" class=\"elementor elementor-1132 e-loop-item e-loop-item-1153 post-1153 proyecto type-proyecto status-publish has-post-thumbnail hentry\" data-elementor-post-type=\"elementor_library\" data-custom-edit-handle=\"1\">\n\t\t\t\t\t\t<div class=\"elementor-element elementor-element-710f456e e-flex e-con-boxed e-con e-parent\" data-id=\"710f456e\" data-element_type=\"container\" data-settings=\"{&quot;background_background&quot;:&quot;classic&quot;,&quot;content_width&quot;:&quot;boxed&quot;}\" data-core-v316-plus=\"true\">\n\t\t\t\t\t<div class=\"e-con-inner\">\n\t\t<a class=\"elementor-element elementor-element-37ceacf e-flex e-con-boxed e-con e-child\" data-id=\"37ceacf\" data-element_type=\"container\" data-settings=\"{&quot;background_background&quot;:&quot;classic&quot;,&quot;content_width&quot;:&quot;boxed&quot;}\" href=\"https:\/\/www.mefluife-ujagr.es\/en\/proyecto\/op3trucks-obtencion-de-prototipos-proteccion-y-potencial-transferencia-de-dispositivos-optimizados-de-mejora-aerodinamica-para-vehiculos-pesados-de-carretera-pdc2021-121288-i00\/\">\n\t\t\t\t\t<div class=\"e-con-inner\">\n\t\t\t\t\t<\/div>\n\t\t\t\t<\/a>\n\t\t<div class=\"elementor-element elementor-element-31d14b1c e-flex e-con-boxed e-con e-child\" data-id=\"31d14b1c\" data-element_type=\"container\" data-settings=\"{&quot;content_width&quot;:&quot;boxed&quot;}\">\n\t\t\t\t\t<div class=\"e-con-inner\">\n\t\t\t\t<div class=\"elementor-element elementor-element-5935dd62 hover elementor-widget elementor-widget-theme-post-title elementor-page-title elementor-widget-heading\" data-id=\"5935dd62\" data-element_type=\"widget\" data-widget_type=\"theme-post-title.default\">\n\t\t\t\t<div class=\"elementor-widget-container\">\n\t\t\t<h3 class=\"elementor-heading-title elementor-size-medium\"><a href=\"https:\/\/www.mefluife-ujagr.es\/en\/proyecto\/op3trucks-obtencion-de-prototipos-proteccion-y-potencial-transferencia-de-dispositivos-optimizados-de-mejora-aerodinamica-para-vehiculos-pesados-de-carretera-pdc2021-121288-i00\/\">OP3Trucks: Prototyping, Protection and Potential Transfer of Optimized Aerodynamic Enhancement Devices for Heavy On-Highway Vehicles (PDC2021-121288-I00)<\/a><\/h3>\t\t<\/div>\n\t\t\t\t<\/div>\n\t\t\t\t<div class=\"elementor-element elementor-element-68db402 elementor-widget elementor-widget-theme-post-excerpt\" data-id=\"68db402\" data-element_type=\"widget\" data-widget_type=\"theme-post-excerpt.default\">\n\t\t\t\t<div class=\"elementor-widget-container\">\n\t\t\tThis Proof of Concept project aims at developing actions to increase the value and transfer potential of optimal drag reduction systems implemented on heavy duty vehicles.\t\t<\/div>\n\t\t\t\t<\/div>\n\t\t\t\t\t<\/div>\n\t\t\t\t<\/div>\n\t\t\t\t\t<\/div>\n\t\t\t\t<\/div>\n\t\t\t\t\t\t<\/div>\n\t\t<style id=\"loop-dynamic-1132\">.e-loop-item-1154 .elementor-element.elementor-element-37ceacf:not(.elementor-motion-effects-element-type-background), .e-loop-item-1154 .elementor-element.elementor-element-37ceacf > .elementor-motion-effects-container > .elementor-motion-effects-layer{background-image:url(\"https:\/\/www.mefluife-ujagr.es\/wp-content\/uploads\/2023\/09\/1_DILICERA-1.jpg\");}<\/style>\t\t<div data-elementor-type=\"loop-item\" data-elementor-id=\"1132\" class=\"elementor elementor-1132 e-loop-item e-loop-item-1154 post-1154 proyecto type-proyecto status-publish has-post-thumbnail hentry\" data-elementor-post-type=\"elementor_library\" data-custom-edit-handle=\"1\">\n\t\t\t\t\t\t<div class=\"elementor-element elementor-element-710f456e e-flex e-con-boxed e-con e-parent\" data-id=\"710f456e\" data-element_type=\"container\" data-settings=\"{&quot;background_background&quot;:&quot;classic&quot;,&quot;content_width&quot;:&quot;boxed&quot;}\" data-core-v316-plus=\"true\">\n\t\t\t\t\t<div class=\"e-con-inner\">\n\t\t<a class=\"elementor-element elementor-element-37ceacf e-flex e-con-boxed e-con e-child\" data-id=\"37ceacf\" data-element_type=\"container\" data-settings=\"{&quot;background_background&quot;:&quot;classic&quot;,&quot;content_width&quot;:&quot;boxed&quot;}\" href=\"https:\/\/www.mefluife-ujagr.es\/en\/proyecto\/dilicera-estudio-experimental-del-flujo-de-liquido-cefalorraquideo-en-el-canal-espinal-dispersion-de-farmacos-e-implicaciones-en-enfermedades-neurologicas-pid2020-115961rb-c31-c32\/\">\n\t\t\t\t\t<div class=\"e-con-inner\">\n\t\t\t\t\t<\/div>\n\t\t\t\t<\/a>\n\t\t<div class=\"elementor-element elementor-element-31d14b1c e-flex e-con-boxed e-con e-child\" data-id=\"31d14b1c\" data-element_type=\"container\" data-settings=\"{&quot;content_width&quot;:&quot;boxed&quot;}\">\n\t\t\t\t\t<div class=\"e-con-inner\">\n\t\t\t\t<div class=\"elementor-element elementor-element-5935dd62 hover elementor-widget elementor-widget-theme-post-title elementor-page-title elementor-widget-heading\" data-id=\"5935dd62\" data-element_type=\"widget\" data-widget_type=\"theme-post-title.default\">\n\t\t\t\t<div class=\"elementor-widget-container\">\n\t\t\t<h3 class=\"elementor-heading-title elementor-size-medium\"><a href=\"https:\/\/www.mefluife-ujagr.es\/en\/proyecto\/dilicera-estudio-experimental-del-flujo-de-liquido-cefalorraquideo-en-el-canal-espinal-dispersion-de-farmacos-e-implicaciones-en-enfermedades-neurologicas-pid2020-115961rb-c31-c32\/\">DILICERA: Experimental study of cerebrospinal fluid flow in the spinal canal: drug dispersion and implications in neurological diseases (PID2020-115961RB-C31\/C32).<\/a><\/h3>\t\t<\/div>\n\t\t\t\t<\/div>\n\t\t\t\t<div class=\"elementor-element elementor-element-68db402 elementor-widget elementor-widget-theme-post-excerpt\" data-id=\"68db402\" data-element_type=\"widget\" data-widget_type=\"theme-post-excerpt.default\">\n\t\t\t\t<div class=\"elementor-widget-container\">\n\t\t\tThis project aims to develop a modeling methodology capable of predicting the transport of solute molecules along the spinal canal in each patient-specific anatomical and physiological condition, and apply it to optimize drug delivery protocols.\t\t<\/div>\n\t\t\t\t<\/div>\n\t\t\t\t\t<\/div>\n\t\t\t\t<\/div>\n\t\t\t\t\t<\/div>\n\t\t\t\t<\/div>\n\t\t\t\t\t\t<\/div>\n\t\t<style id=\"loop-dynamic-1132\">.e-loop-item-1124 .elementor-element.elementor-element-37ceacf:not(.elementor-motion-effects-element-type-background), .e-loop-item-1124 .elementor-element.elementor-element-37ceacf > .elementor-motion-effects-container > .elementor-motion-effects-layer{background-image:url(\"https:\/\/www.mefluife-ujagr.es\/wp-content\/uploads\/2023\/08\/4_ESTRANS.jpg\");}<\/style>\t\t<div data-elementor-type=\"loop-item\" data-elementor-id=\"1132\" class=\"elementor elementor-1132 e-loop-item e-loop-item-1124 post-1124 proyecto type-proyecto status-publish has-post-thumbnail hentry\" data-elementor-post-type=\"elementor_library\" data-custom-edit-handle=\"1\">\n\t\t\t\t\t\t<div class=\"elementor-element elementor-element-710f456e e-flex e-con-boxed e-con e-parent\" data-id=\"710f456e\" data-element_type=\"container\" data-settings=\"{&quot;background_background&quot;:&quot;classic&quot;,&quot;content_width&quot;:&quot;boxed&quot;}\" data-core-v316-plus=\"true\">\n\t\t\t\t\t<div class=\"e-con-inner\">\n\t\t<a class=\"elementor-element elementor-element-37ceacf e-flex e-con-boxed e-con e-child\" data-id=\"37ceacf\" data-element_type=\"container\" data-settings=\"{&quot;background_background&quot;:&quot;classic&quot;,&quot;content_width&quot;:&quot;boxed&quot;}\" href=\"https:\/\/www.mefluife-ujagr.es\/en\/proyecto\/estrans-transporte-eficiente-y-sostenible-diseno-energetica-y-aerodinamicamente-optimizado-de-vehiculos-pesados-ted2021-131805\/\">\n\t\t\t\t\t<div class=\"e-con-inner\">\n\t\t\t\t\t<\/div>\n\t\t\t\t<\/a>\n\t\t<div class=\"elementor-element elementor-element-31d14b1c e-flex e-con-boxed e-con e-child\" data-id=\"31d14b1c\" data-element_type=\"container\" data-settings=\"{&quot;content_width&quot;:&quot;boxed&quot;}\">\n\t\t\t\t\t<div class=\"e-con-inner\">\n\t\t\t\t<div class=\"elementor-element elementor-element-5935dd62 hover elementor-widget elementor-widget-theme-post-title elementor-page-title elementor-widget-heading\" data-id=\"5935dd62\" data-element_type=\"widget\" data-widget_type=\"theme-post-title.default\">\n\t\t\t\t<div class=\"elementor-widget-container\">\n\t\t\t<h3 class=\"elementor-heading-title elementor-size-medium\"><a href=\"https:\/\/www.mefluife-ujagr.es\/en\/proyecto\/estrans-transporte-eficiente-y-sostenible-diseno-energetica-y-aerodinamicamente-optimizado-de-vehiculos-pesados-ted2021-131805\/\">ESTRANS (TED2021-131805B-C22): Efficient and Sustainable Transport - Energy and aerodynamically optimized design of heavy vehicles.<\/a><\/h3>\t\t<\/div>\n\t\t\t\t<\/div>\n\t\t\t\t<div class=\"elementor-element elementor-element-68db402 elementor-widget elementor-widget-theme-post-excerpt\" data-id=\"68db402\" data-element_type=\"widget\" data-widget_type=\"theme-post-excerpt.default\">\n\t\t\t\t<div class=\"elementor-widget-container\">\n\t\t\tThis project aims to design and implement strategies for improved energy efficiency of heavy land vehicles.\u00a0\t\t<\/div>\n\t\t\t\t<\/div>\n\t\t\t\t\t<\/div>\n\t\t\t\t<\/div>\n\t\t\t\t\t<\/div>\n\t\t\t\t<\/div>\n\t\t\t\t\t\t<\/div>\n\t\t<style id=\"loop-dynamic-1132\">.e-loop-item-2157 .elementor-element.elementor-element-37ceacf:not(.elementor-motion-effects-element-type-background), .e-loop-item-2157 .elementor-element.elementor-element-37ceacf > .elementor-motion-effects-container > .elementor-motion-effects-layer{background-image:url(\"https:\/\/www.mefluife-ujagr.es\/wp-content\/uploads\/2023\/09\/1_INTERMOVES3D.jpg\");}<\/style>\t\t<div data-elementor-type=\"loop-item\" data-elementor-id=\"1132\" class=\"elementor elementor-1132 e-loop-item e-loop-item-2157 post-2157 proyecto type-proyecto status-publish has-post-thumbnail hentry\" data-elementor-post-type=\"elementor_library\" data-custom-edit-handle=\"1\">\n\t\t\t\t\t\t<div class=\"elementor-element elementor-element-710f456e e-flex e-con-boxed e-con e-parent\" data-id=\"710f456e\" data-element_type=\"container\" data-settings=\"{&quot;background_background&quot;:&quot;classic&quot;,&quot;content_width&quot;:&quot;boxed&quot;}\" data-core-v316-plus=\"true\">\n\t\t\t\t\t<div class=\"e-con-inner\">\n\t\t<a class=\"elementor-element elementor-element-37ceacf e-flex e-con-boxed e-con e-child\" data-id=\"37ceacf\" data-element_type=\"container\" data-settings=\"{&quot;background_background&quot;:&quot;classic&quot;,&quot;content_width&quot;:&quot;boxed&quot;}\" href=\"https:\/\/www.mefluife-ujagr.es\/en\/proyecto\/intermoves-3d-interaccion-tridimensional-entre-cuerpos-moviles-tridimensionales-y-su-estela\/\">\n\t\t\t\t\t<div class=\"e-con-inner\">\n\t\t\t\t\t<\/div>\n\t\t\t\t<\/a>\n\t\t<div class=\"elementor-element elementor-element-31d14b1c e-flex e-con-boxed e-con e-child\" data-id=\"31d14b1c\" data-element_type=\"container\" data-settings=\"{&quot;content_width&quot;:&quot;boxed&quot;}\">\n\t\t\t\t\t<div class=\"e-con-inner\">\n\t\t\t\t<div class=\"elementor-element elementor-element-5935dd62 hover elementor-widget elementor-widget-theme-post-title elementor-page-title elementor-widget-heading\" data-id=\"5935dd62\" data-element_type=\"widget\" data-widget_type=\"theme-post-title.default\">\n\t\t\t\t<div class=\"elementor-widget-container\">\n\t\t\t<h3 class=\"elementor-heading-title elementor-size-medium\"><a href=\"https:\/\/www.mefluife-ujagr.es\/en\/proyecto\/intermoves-3d-interaccion-tridimensional-entre-cuerpos-moviles-tridimensionales-y-su-estela\/\">INTERMOVES-3D: Three-dimensional interaction between three-dimensional moving bodies and their wake.<\/a><\/h3>\t\t<\/div>\n\t\t\t\t<\/div>\n\t\t\t\t<div class=\"elementor-element elementor-element-68db402 elementor-widget elementor-widget-theme-post-excerpt\" data-id=\"68db402\" data-element_type=\"widget\" data-widget_type=\"theme-post-excerpt.default\">\n\t\t\t\t<div class=\"elementor-widget-container\">\n\t\t\tThis project aims to advance in the knowledge of the interaction mechanisms between moving solids, subject to different degrees of freedom, and the fluid around them through the analysis of simplified, canonical and fundamental configurations.\t\t<\/div>\n\t\t\t\t<\/div>\n\t\t\t\t\t<\/div>\n\t\t\t\t<\/div>\n\t\t\t\t\t<\/div>\n\t\t\t\t<\/div>\n\t\t\t\t\t\t<\/div>\n\t\t<style id=\"loop-dynamic-1132\">.e-loop-item-5067 .elementor-element.elementor-element-37ceacf:not(.elementor-motion-effects-element-type-background), .e-loop-item-5067 .elementor-element.elementor-element-37ceacf > .elementor-motion-effects-container > .elementor-motion-effects-layer{background-image:url(\"https:\/\/www.mefluife-ujagr.es\/wp-content\/uploads\/2025\/11\/Medula1-1.png\");}<\/style>\t\t<div data-elementor-type=\"loop-item\" data-elementor-id=\"1132\" class=\"elementor elementor-1132 e-loop-item e-loop-item-5067 post-5067 proyecto type-proyecto status-publish has-post-thumbnail hentry\" data-elementor-post-type=\"elementor_library\" data-custom-edit-handle=\"1\">\n\t\t\t\t\t\t<div class=\"elementor-element elementor-element-710f456e e-flex e-con-boxed e-con e-parent\" data-id=\"710f456e\" data-element_type=\"container\" data-settings=\"{&quot;background_background&quot;:&quot;classic&quot;,&quot;content_width&quot;:&quot;boxed&quot;}\" data-core-v316-plus=\"true\">\n\t\t\t\t\t<div class=\"e-con-inner\">\n\t\t<a class=\"elementor-element elementor-element-37ceacf e-flex e-con-boxed e-con e-child\" data-id=\"37ceacf\" data-element_type=\"container\" data-settings=\"{&quot;background_background&quot;:&quot;classic&quot;,&quot;content_width&quot;:&quot;boxed&quot;}\" href=\"https:\/\/www.mefluife-ujagr.es\/en\/proyecto\/hycecen-hidrodinamica-del-liquido-cefalorraquideo-en-el-sistema-nervioso-central-fisiologia-dispersion-de-farmacos-patologias-y-aplicaciones-a-dispositivos-medicos\/\">\n\t\t\t\t\t<div class=\"e-con-inner\">\n\t\t\t\t\t<\/div>\n\t\t\t\t<\/a>\n\t\t<div class=\"elementor-element elementor-element-31d14b1c e-flex e-con-boxed e-con e-child\" data-id=\"31d14b1c\" data-element_type=\"container\" data-settings=\"{&quot;content_width&quot;:&quot;boxed&quot;}\">\n\t\t\t\t\t<div class=\"e-con-inner\">\n\t\t\t\t<div class=\"elementor-element elementor-element-5935dd62 hover elementor-widget elementor-widget-theme-post-title elementor-page-title elementor-widget-heading\" data-id=\"5935dd62\" data-element_type=\"widget\" data-widget_type=\"theme-post-title.default\">\n\t\t\t\t<div class=\"elementor-widget-container\">\n\t\t\t<h3 class=\"elementor-heading-title elementor-size-medium\"><a href=\"https:\/\/www.mefluife-ujagr.es\/en\/proyecto\/hycecen-hidrodinamica-del-liquido-cefalorraquideo-en-el-sistema-nervioso-central-fisiologia-dispersion-de-farmacos-patologias-y-aplicaciones-a-dispositivos-medicos\/\">HYCECEN &#8211; Hidrodin\u00e1mica del l\u00edquido cefalorraqu\u00eddeo en el sistema nervioso central: fisiolog\u00eda, dispersi\u00f3n de f\u00e1rmacos, pat\u00f3logias y aplicaciones a dispositivos m\u00e9dicos (PID2023-151343NB-C31\/C32).<\/a><\/h3>\t\t<\/div>\n\t\t\t\t<\/div>\n\t\t\t\t<div class=\"elementor-element elementor-element-68db402 elementor-widget elementor-widget-theme-post-excerpt\" data-id=\"68db402\" data-element_type=\"widget\" data-widget_type=\"theme-post-excerpt.default\">\n\t\t\t\t<div class=\"elementor-widget-container\">\n\t\t\tEl proyecto estudia el flujo del l\u00edquido cefalorraqu\u00eddeo y desarrolla tecnolog\u00edas m\u00e9dicas mediante investigaci\u00f3n multidisciplinar.\n\t\t<\/div>\n\t\t\t\t<\/div>\n\t\t\t\t\t<\/div>\n\t\t\t\t<\/div>\n\t\t\t\t\t<\/div>\n\t\t\t\t<\/div>\n\t\t\t\t\t\t<\/div>\n\t\t<style id=\"loop-dynamic-1132\">.e-loop-item-5075 .elementor-element.elementor-element-37ceacf:not(.elementor-motion-effects-element-type-background), .e-loop-item-5075 .elementor-element.elementor-element-37ceacf > .elementor-motion-effects-container > .elementor-motion-effects-layer{background-image:url(\"https:\/\/www.mefluife-ujagr.es\/wp-content\/uploads\/2025\/11\/Vista_3D_laboratorio-scaled.png\");}<\/style>\t\t<div data-elementor-type=\"loop-item\" data-elementor-id=\"1132\" class=\"elementor elementor-1132 e-loop-item e-loop-item-5075 post-5075 proyecto type-proyecto status-publish has-post-thumbnail hentry\" data-elementor-post-type=\"elementor_library\" data-custom-edit-handle=\"1\">\n\t\t\t\t\t\t<div class=\"elementor-element elementor-element-710f456e e-flex e-con-boxed e-con e-parent\" data-id=\"710f456e\" data-element_type=\"container\" data-settings=\"{&quot;background_background&quot;:&quot;classic&quot;,&quot;content_width&quot;:&quot;boxed&quot;}\" data-core-v316-plus=\"true\">\n\t\t\t\t\t<div class=\"e-con-inner\">\n\t\t<a class=\"elementor-element elementor-element-37ceacf e-flex e-con-boxed e-con e-child\" data-id=\"37ceacf\" data-element_type=\"container\" data-settings=\"{&quot;background_background&quot;:&quot;classic&quot;,&quot;content_width&quot;:&quot;boxed&quot;}\" href=\"https:\/\/www.mefluife-ujagr.es\/en\/proyecto\/laboratorio-de-diagnostico-tridimensional-para-flujos-hidrodinamicos-de-interes-industrial-medioambiental-y-biomedico-eqc2024-008321-p\/\">\n\t\t\t\t\t<div class=\"e-con-inner\">\n\t\t\t\t\t<\/div>\n\t\t\t\t<\/a>\n\t\t<div class=\"elementor-element elementor-element-31d14b1c e-flex e-con-boxed e-con e-child\" data-id=\"31d14b1c\" data-element_type=\"container\" data-settings=\"{&quot;content_width&quot;:&quot;boxed&quot;}\">\n\t\t\t\t\t<div class=\"e-con-inner\">\n\t\t\t\t<div class=\"elementor-element elementor-element-5935dd62 hover elementor-widget elementor-widget-theme-post-title elementor-page-title elementor-widget-heading\" data-id=\"5935dd62\" data-element_type=\"widget\" data-widget_type=\"theme-post-title.default\">\n\t\t\t\t<div class=\"elementor-widget-container\">\n\t\t\t<h3 class=\"elementor-heading-title elementor-size-medium\"><a href=\"https:\/\/www.mefluife-ujagr.es\/en\/proyecto\/laboratorio-de-diagnostico-tridimensional-para-flujos-hidrodinamicos-de-interes-industrial-medioambiental-y-biomedico-eqc2024-008321-p\/\">Laboratorio de diagn\u00f3stico tridimensional para flujos hidrodin\u00e1micos de inter\u00e9s industrial, medioambiental y biom\u00e9dico (EQC2024-008321-P)<\/a><\/h3>\t\t<\/div>\n\t\t\t\t<\/div>\n\t\t\t\t<div class=\"elementor-element elementor-element-68db402 elementor-widget elementor-widget-theme-post-excerpt\" data-id=\"68db402\" data-element_type=\"widget\" data-widget_type=\"theme-post-excerpt.default\">\n\t\t\t\t<div class=\"elementor-widget-container\">\n\t\t\tProyecto para la creaci\u00f3n de \u00faltima generaci\u00f3n en velocimetr\u00eda l\u00e1ser \u00fanico en Espa\u00f1a.\t\t<\/div>\n\t\t\t\t<\/div>\n\t\t\t\t\t<\/div>\n\t\t\t\t<\/div>\n\t\t\t\t\t<\/div>\n\t\t\t\t<\/div>\n\t\t\t\t\t\t<\/div>\n\t\t\t\t<\/div>\n\t\t\n\t\t\t\t<\/div>\n\t\t\t\t<\/div>\n\t\t\t\t\t<\/div>\n\t\t\t\t<\/div>\n\t\t\t\t\t<\/div>\n\t\t\t\t<\/div>\n\t\t\t\t\t\t\t<\/div>","protected":false},"excerpt":{"rendered":"<p>Projects<\/p>","protected":false},"author":1,"featured_media":0,"parent":76,"menu_order":0,"comment_status":"closed","ping_status":"closed","template":"","meta":{"site-sidebar-layout":"no-sidebar","site-content-layout":"page-builder","ast-site-content-layout":"full-width-container","site-content-style":"unboxed","site-sidebar-style":"unboxed","ast-global-header-display":"","ast-banner-title-visibility":"","ast-main-header-display":"","ast-hfb-above-header-display":"","ast-hfb-below-header-display":"","ast-hfb-mobile-header-display":"","site-post-title":"disabled","ast-breadcrumbs-content":"","ast-featured-img":"disabled","footer-sml-layout":"","theme-transparent-header-meta":"","adv-header-id-meta":"","stick-header-meta":"","header-above-stick-meta":"","header-main-stick-meta":"","header-below-stick-meta":"","astra-migrate-meta-layouts":"set","footnotes":""},"class_list":["post-1416","page","type-page","status-publish","hentry"],"_links":{"self":[{"href":"https:\/\/www.mefluife-ujagr.es\/en\/wp-json\/wp\/v2\/pages\/1416","targetHints":{"allow":["GET"]}}],"collection":[{"href":"https:\/\/www.mefluife-ujagr.es\/en\/wp-json\/wp\/v2\/pages"}],"about":[{"href":"https:\/\/www.mefluife-ujagr.es\/en\/wp-json\/wp\/v2\/types\/page"}],"author":[{"embeddable":true,"href":"https:\/\/www.mefluife-ujagr.es\/en\/wp-json\/wp\/v2\/users\/1"}],"replies":[{"embeddable":true,"href":"https:\/\/www.mefluife-ujagr.es\/en\/wp-json\/wp\/v2\/comments?post=1416"}],"version-history":[{"count":42,"href":"https:\/\/www.mefluife-ujagr.es\/en\/wp-json\/wp\/v2\/pages\/1416\/revisions"}],"predecessor-version":[{"id":5093,"href":"https:\/\/www.mefluife-ujagr.es\/en\/wp-json\/wp\/v2\/pages\/1416\/revisions\/5093"}],"up":[{"embeddable":true,"href":"https:\/\/www.mefluife-ujagr.es\/en\/wp-json\/wp\/v2\/pages\/76"}],"wp:attachment":[{"href":"https:\/\/www.mefluife-ujagr.es\/en\/wp-json\/wp\/v2\/media?parent=1416"}],"curies":[{"name":"wp","href":"https:\/\/api.w.org\/{rel}","templated":true}]}}