{"id":1421,"date":"2023-09-01T10:59:45","date_gmt":"2023-09-01T10:59:45","guid":{"rendered":"https:\/\/www.mefluife-ujagr.es\/?page_id=1421"},"modified":"2023-10-19T08:09:27","modified_gmt":"2023-10-19T08:09:27","slug":"lineas-de-investigacion","status":"publish","type":"page","link":"https:\/\/www.mefluife-ujagr.es\/en\/lineas-de-investigacion-y-proyectos\/lineas-de-investigacion\/","title":{"rendered":"Lines of research"},"content":{"rendered":"<div data-elementor-type=\"wp-page\" data-elementor-id=\"1421\" class=\"elementor elementor-1421\" data-elementor-post-type=\"page\">\n\t\t\t\t\t\t\t<div class=\"elementor-element elementor-element-5b4a670 e-flex e-con-boxed e-con e-parent\" data-id=\"5b4a670\" data-element_type=\"container\" data-settings=\"{&quot;content_width&quot;:&quot;boxed&quot;}\" data-core-v316-plus=\"true\">\n\t\t\t\t\t<div class=\"e-con-inner\">\n\t\t<div class=\"elementor-element elementor-element-3435ea0 e-flex e-con-boxed e-con e-child\" data-id=\"3435ea0\" data-element_type=\"container\" data-settings=\"{&quot;content_width&quot;:&quot;boxed&quot;}\">\n\t\t\t\t\t<div class=\"e-con-inner\">\n\t\t\t\t<div class=\"elementor-element elementor-element-a6a76d3 elementor-widget elementor-widget-heading\" data-id=\"a6a76d3\" data-element_type=\"widget\" data-widget_type=\"heading.default\">\n\t\t\t\t<div class=\"elementor-widget-container\">\n\t\t\t<style>\/*! elementor - v3.16.0 - 17-10-2023 *\/\n.elementor-heading-title{padding:0;margin:0;line-height:1}.elementor-widget-heading .elementor-heading-title[class*=elementor-size-]>a{color:inherit;font-size:inherit;line-height:inherit}.elementor-widget-heading .elementor-heading-title.elementor-size-small{font-size:15px}.elementor-widget-heading .elementor-heading-title.elementor-size-medium{font-size:19px}.elementor-widget-heading .elementor-heading-title.elementor-size-large{font-size:29px}.elementor-widget-heading .elementor-heading-title.elementor-size-xl{font-size:39px}.elementor-widget-heading .elementor-heading-title.elementor-size-xxl{font-size:59px}<\/style><h2 class=\"elementor-heading-title elementor-size-default\">Research lines<\/h2>\t\t<\/div>\n\t\t\t\t<\/div>\n\t\t<div class=\"elementor-element elementor-element-d9e48f2 e-flex e-con-boxed e-con e-child\" data-id=\"d9e48f2\" data-element_type=\"container\" data-settings=\"{&quot;content_width&quot;:&quot;boxed&quot;}\">\n\t\t\t\t\t<div class=\"e-con-inner\">\n\t\t<div class=\"elementor-element elementor-element-64ac583 e-flex e-con-boxed e-con e-child\" data-id=\"64ac583\" data-element_type=\"container\" data-settings=\"{&quot;content_width&quot;:&quot;boxed&quot;}\">\n\t\t\t\t\t<div class=\"e-con-inner\">\n\t\t\t\t<div class=\"elementor-element elementor-element-1ebea74 elementor-cta--layout-image-above elementor-cta--skin-classic elementor-animated-content elementor-bg-transform elementor-bg-transform-zoom-in elementor-widget elementor-widget-call-to-action\" data-id=\"1ebea74\" data-element_type=\"widget\" data-widget_type=\"call-to-action.default\">\n\t\t\t\t<div class=\"elementor-widget-container\">\n\t\t\t<link rel=\"stylesheet\" href=\"https:\/\/www.mefluife-ujagr.es\/wp-content\/plugins\/elementor-pro\/assets\/css\/widget-call-to-action.min.css\">\t\t<a class=\"elementor-cta\" href=\"https:\/\/www.mefluife-ujagr.es\/en\/lineas-de-investigacion\/flujos-multifasicos\/\">\n\t\t\t\t\t<div class=\"elementor-cta__bg-wrapper\">\n\t\t\t\t<div class=\"elementor-cta__bg elementor-bg\" style=\"background-image: url(https:\/\/www.mefluife-ujagr.es\/wp-content\/uploads\/2023\/09\/1_Flujos_multifasicos.jpg);\" role=\"img\" aria-label=\"1_Flujos_multifasicos\"><\/div>\n\t\t\t\t<div class=\"elementor-cta__bg-overlay\"><\/div>\n\t\t\t<\/div>\n\t\t\t\t\t\t\t<div class=\"elementor-cta__content\">\n\t\t\t\t\n\t\t\t\t\t\t\t\t\t<h3 class=\"elementor-cta__title elementor-cta__content-item elementor-content-item\">\n\t\t\t\t\t\tMultiphase flows\t\t\t\t\t<\/h3>\n\t\t\t\t\n\t\t\t\t\t\t\t\t\t<div class=\"elementor-cta__description elementor-cta__content-item elementor-content-item\">\n\t\t\t\t\t\tThis line focuses on the study of the formation, ascent and dynamics of bubbles with biomedical and industrial applications. In this line, the aim is to study the formation mechanisms in different conditions: liquid phase at rest or in motion.\n\t\t\t\t\t<\/div>\n\t\t\t\t\n\t\t\t\t\t\t\t<\/div>\n\t\t\t\t\t\t<\/a>\n\t\t\t\t<\/div>\n\t\t\t\t<\/div>\n\t\t\t\t\t<\/div>\n\t\t\t\t<\/div>\n\t\t<div class=\"elementor-element elementor-element-4357a27 e-flex e-con-boxed e-con e-child\" data-id=\"4357a27\" data-element_type=\"container\" data-settings=\"{&quot;content_width&quot;:&quot;boxed&quot;}\">\n\t\t\t\t\t<div class=\"e-con-inner\">\n\t\t\t\t<div class=\"elementor-element elementor-element-c0f2e53 elementor-cta--layout-image-above elementor-cta--skin-classic elementor-animated-content elementor-bg-transform elementor-bg-transform-zoom-in elementor-widget elementor-widget-call-to-action\" data-id=\"c0f2e53\" data-element_type=\"widget\" data-widget_type=\"call-to-action.default\">\n\t\t\t\t<div class=\"elementor-widget-container\">\n\t\t\t\t\t<a class=\"elementor-cta\" href=\"https:\/\/www.mefluife-ujagr.es\/en\/lineas-de-investigacion\/estelas-tras-cuerpos-romos\/\">\n\t\t\t\t\t<div class=\"elementor-cta__bg-wrapper\">\n\t\t\t\t<div class=\"elementor-cta__bg elementor-bg\" style=\"background-image: url(https:\/\/www.mefluife-ujagr.es\/wp-content\/uploads\/2023\/09\/1_Estelas_cuerpos_romos.jpeg);\" role=\"img\" aria-label=\"1_Estelas_cuerpos_romos\"><\/div>\n\t\t\t\t<div class=\"elementor-cta__bg-overlay\"><\/div>\n\t\t\t<\/div>\n\t\t\t\t\t\t\t<div class=\"elementor-cta__content\">\n\t\t\t\t\n\t\t\t\t\t\t\t\t\t<h4 class=\"elementor-cta__title elementor-cta__content-item elementor-content-item\">\n\t\t\t\t\t\tStelae behind blunt bodies\t\t\t\t\t<\/h4>\n\t\t\t\t\n\t\t\t\t\t\t\t\t\t<div class=\"elementor-cta__description elementor-cta__content-item elementor-content-item\">\n\t\t\t\t\t\tThis line focuses on the characterization of the flow around simplified models of ground vehicles in order to improve their aerodynamic drag.\t\t\t\t\t<\/div>\n\t\t\t\t\n\t\t\t\t\t\t\t<\/div>\n\t\t\t\t\t\t<\/a>\n\t\t\t\t<\/div>\n\t\t\t\t<\/div>\n\t\t\t\t\t<\/div>\n\t\t\t\t<\/div>\n\t\t<div class=\"elementor-element elementor-element-b6e21e6 e-flex e-con-boxed e-con e-child\" data-id=\"b6e21e6\" data-element_type=\"container\" data-settings=\"{&quot;content_width&quot;:&quot;boxed&quot;}\">\n\t\t\t\t\t<div class=\"e-con-inner\">\n\t\t\t\t<div class=\"elementor-element elementor-element-13e448c elementor-cta--layout-image-above elementor-cta--skin-classic elementor-animated-content elementor-bg-transform elementor-bg-transform-zoom-in elementor-widget elementor-widget-call-to-action\" data-id=\"13e448c\" data-element_type=\"widget\" data-widget_type=\"call-to-action.default\">\n\t\t\t\t<div class=\"elementor-widget-container\">\n\t\t\t\t\t<a class=\"elementor-cta\" href=\"https:\/\/www.mefluife-ujagr.es\/en\/lineas-de-investigacion\/flujos-biomedicos\/\">\n\t\t\t\t\t<div class=\"elementor-cta__bg-wrapper\">\n\t\t\t\t<div class=\"elementor-cta__bg elementor-bg\" style=\"background-image: url(https:\/\/www.mefluife-ujagr.es\/wp-content\/uploads\/2023\/09\/1_Flujos_Biomedicos.jpg);\" role=\"img\" aria-label=\"1_Flujos_Biomedicos\"><\/div>\n\t\t\t\t<div class=\"elementor-cta__bg-overlay\"><\/div>\n\t\t\t<\/div>\n\t\t\t\t\t\t\t<div class=\"elementor-cta__content\">\n\t\t\t\t\n\t\t\t\t\t\t\t\t\t<h3 class=\"elementor-cta__title elementor-cta__content-item elementor-content-item\">\n\t\t\t\t\t\tBiomedical flows\t\t\t\t\t<\/h3>\n\t\t\t\t\n\t\t\t\t\t\t\t\t\t<div class=\"elementor-cta__description elementor-cta__content-item elementor-content-item\">\n\t\t\t\t\t\tThis multidisciplinary line of research aims to understand the mechanisms that cause the movement of cerebrospinal fluid (CSF) in the spinal cord, as well as to analyze the mechanisms of solute transport within it, to understand the effect of the physiognomy of the spinal canal on this movement and the influence of diseases such as syringomyelia on the behavior of CSF.\t\t\t\t\t<\/div>\n\t\t\t\t\n\t\t\t\t\t\t\t<\/div>\n\t\t\t\t\t\t<\/a>\n\t\t\t\t<\/div>\n\t\t\t\t<\/div>\n\t\t\t\t\t<\/div>\n\t\t\t\t<\/div>\n\t\t\t\t\t<\/div>\n\t\t\t\t<\/div>\n\t\t\t\t\t<\/div>\n\t\t\t\t<\/div>\n\t\t<div class=\"elementor-element elementor-element-4ace9c7 e-flex e-con-boxed e-con e-child\" data-id=\"4ace9c7\" data-element_type=\"container\" data-settings=\"{&quot;content_width&quot;:&quot;boxed&quot;}\">\n\t\t\t\t\t<div class=\"e-con-inner\">\n\t\t\t\t<div class=\"elementor-element elementor-element-d670d4e elementor-widget elementor-widget-heading\" data-id=\"d670d4e\" data-element_type=\"widget\" data-widget_type=\"heading.default\">\n\t\t\t\t<div class=\"elementor-widget-container\">\n\t\t\t<h3 class=\"elementor-heading-title elementor-size-default\">In addition to these three main lines, the group's researchers work on:<\/h3>\t\t<\/div>\n\t\t\t\t<\/div>\n\t\t<div class=\"elementor-element elementor-element-1e783c9 e-flex e-con-boxed e-con e-child\" data-id=\"1e783c9\" data-element_type=\"container\" data-settings=\"{&quot;content_width&quot;:&quot;boxed&quot;}\">\n\t\t\t\t\t<div class=\"e-con-inner\">\n\t\t<div class=\"elementor-element elementor-element-8270683 e-flex e-con-boxed e-con e-child\" data-id=\"8270683\" data-element_type=\"container\" data-settings=\"{&quot;background_background&quot;:&quot;classic&quot;,&quot;content_width&quot;:&quot;boxed&quot;}\">\n\t\t\t\t\t<div class=\"e-con-inner\">\n\t\t\t\t<div class=\"elementor-element elementor-element-f165e24 hover elementor-widget elementor-widget-heading\" data-id=\"f165e24\" data-element_type=\"widget\" data-widget_type=\"heading.default\">\n\t\t\t\t<div class=\"elementor-widget-container\">\n\t\t\t<h5 class=\"elementor-heading-title elementor-size-default\"><a href=\"https:\/\/www.mefluife-ujagr.es\/en\/lineas-de-investigacion\/dinamica-de-fuego-en-grandes-atrios\/\">Fire dynamics in large atriums<\/a><\/h5>\t\t<\/div>\n\t\t\t\t<\/div>\n\t\t\t\t<div class=\"elementor-element elementor-element-b446ac5 elementor-widget elementor-widget-text-editor\" data-id=\"b446ac5\" data-element_type=\"widget\" data-widget_type=\"text-editor.default\">\n\t\t\t\t<div class=\"elementor-widget-container\">\n\t\t\t<style>\/*! elementor - v3.16.0 - 17-10-2023 *\/\n.elementor-widget-text-editor.elementor-drop-cap-view-stacked .elementor-drop-cap{background-color:#69727d;color:#fff}.elementor-widget-text-editor.elementor-drop-cap-view-framed .elementor-drop-cap{color:#69727d;border:3px solid;background-color:transparent}.elementor-widget-text-editor:not(.elementor-drop-cap-view-default) .elementor-drop-cap{margin-top:8px}.elementor-widget-text-editor:not(.elementor-drop-cap-view-default) .elementor-drop-cap-letter{width:1em;height:1em}.elementor-widget-text-editor .elementor-drop-cap{float:left;text-align:center;line-height:1;font-size:50px}.elementor-widget-text-editor .elementor-drop-cap-letter{display:inline-block}<\/style>\t\t\t\t<p>The objectives of this line are to study the efficiency of smoke detectors and sprinklers for this type of installations, as well as the effect of make-up air. For this purpose, full-scale experiments and CFD numerical simulations will be used.<\/p>\t\t\t\t\t\t<\/div>\n\t\t\t\t<\/div>\n\t\t\t\t\t<\/div>\n\t\t\t\t<\/div>\n\t\t<div class=\"elementor-element elementor-element-606c78a e-flex e-con-boxed e-con e-child\" data-id=\"606c78a\" data-element_type=\"container\" data-settings=\"{&quot;background_background&quot;:&quot;classic&quot;,&quot;content_width&quot;:&quot;boxed&quot;}\">\n\t\t\t\t\t<div class=\"e-con-inner\">\n\t\t\t\t<div class=\"elementor-element elementor-element-a02fbef hover elementor-widget elementor-widget-heading\" data-id=\"a02fbef\" data-element_type=\"widget\" data-widget_type=\"heading.default\">\n\t\t\t\t<div class=\"elementor-widget-container\">\n\t\t\t<h5 class=\"elementor-heading-title elementor-size-default\"><a href=\"https:\/\/www.mefluife-ujagr.es\/en\/lineas-de-investigacion\/estabilidad-hidrodinamica-de-chorros-y-estelas\/\">Estabilidad hidrodin\u00e1mica de chorros y estelas<\/a><\/h5>\t\t<\/div>\n\t\t\t\t<\/div>\n\t\t\t\t<div class=\"elementor-element elementor-element-9df21c9 elementor-widget elementor-widget-text-editor\" data-id=\"9df21c9\" data-element_type=\"widget\" data-widget_type=\"text-editor.default\">\n\t\t\t\t<div class=\"elementor-widget-container\">\n\t\t\t\t\t\t\t<p>In most cases, jets and wakes behind blunt bodies are unstable with non-stationary modes that generate periodic structures in the flow. The stability analysis of this type of problems allows to identify the destabilization mechanisms, the most efficient control methods and the optimal associated disturbances.<\/p>\t\t\t\t\t\t<\/div>\n\t\t\t\t<\/div>\n\t\t\t\t\t<\/div>\n\t\t\t\t<\/div>\n\t\t\t\t\t<\/div>\n\t\t\t\t<\/div>\n\t\t<div class=\"elementor-element elementor-element-78e6290 e-flex e-con-boxed e-con e-child\" data-id=\"78e6290\" data-element_type=\"container\" data-settings=\"{&quot;content_width&quot;:&quot;boxed&quot;}\">\n\t\t\t\t\t<div class=\"e-con-inner\">\n\t\t<div class=\"elementor-element elementor-element-87df50c e-flex e-con-boxed e-con e-child\" data-id=\"87df50c\" data-element_type=\"container\" data-settings=\"{&quot;background_background&quot;:&quot;classic&quot;,&quot;content_width&quot;:&quot;boxed&quot;}\">\n\t\t\t\t\t<div class=\"e-con-inner\">\n\t\t\t\t<div class=\"elementor-element elementor-element-767e702 hover elementor-widget elementor-widget-heading\" data-id=\"767e702\" data-element_type=\"widget\" data-widget_type=\"heading.default\">\n\t\t\t\t<div class=\"elementor-widget-container\">\n\t\t\t<h5 class=\"elementor-heading-title elementor-size-default\"><a href=\"https:\/\/www.mefluife-ujagr.es\/en\/lineas-de-investigacion\/dispersion-y-movimiento-de-semillas\/\">Seed dispersal and movement<\/a><\/h5>\t\t<\/div>\n\t\t\t\t<\/div>\n\t\t\t\t<div class=\"elementor-element elementor-element-8299d4f elementor-widget elementor-widget-text-editor\" data-id=\"8299d4f\" data-element_type=\"widget\" data-widget_type=\"text-editor.default\">\n\t\t\t\t<div class=\"elementor-widget-container\">\n\t\t\t\t\t\t\t<p>The shape and characteristics of many seeds determine the extent and range of their dispersal. Parameters such as temperature and relative humidity also have an impact. Characterizing and understanding their transport mechanisms under different flow conditions can contribute to improve the existing correlations for their dispersal as well as in the design of efficient propulsion systems.<\/p>\t\t\t\t\t\t<\/div>\n\t\t\t\t<\/div>\n\t\t\t\t\t<\/div>\n\t\t\t\t<\/div>\n\t\t<div class=\"elementor-element elementor-element-12f0d62 e-flex e-con-boxed e-con e-child\" data-id=\"12f0d62\" data-element_type=\"container\" data-settings=\"{&quot;background_background&quot;:&quot;classic&quot;,&quot;content_width&quot;:&quot;boxed&quot;}\">\n\t\t\t\t\t<div class=\"e-con-inner\">\n\t\t\t\t<div class=\"elementor-element elementor-element-19dec4e hover elementor-widget elementor-widget-heading\" data-id=\"19dec4e\" data-element_type=\"widget\" data-widget_type=\"heading.default\">\n\t\t\t\t<div class=\"elementor-widget-container\">\n\t\t\t<h5 class=\"elementor-heading-title elementor-size-default\"><a href=\"https:\/\/www.mefluife-ujagr.es\/en\/lineas-de-investigacion\/cinematica-y-estela-de-cuerpos-libres\/\">Kinematics and wake of free bodies<\/a><\/h5>\t\t<\/div>\n\t\t\t\t<\/div>\n\t\t\t\t<div class=\"elementor-element elementor-element-0b8b6b3 elementor-widget elementor-widget-text-editor\" data-id=\"0b8b6b3\" data-element_type=\"widget\" data-widget_type=\"text-editor.default\">\n\t\t\t\t<div class=\"elementor-widget-container\">\n\t\t\t\t\t\t\t<p>The close coupling between the kinematics of three-dimensional bodies such as finite-length cylinders, plates or rings and the motion of a fluid around them determines the behavior of the joint system whether in stationary or rectilinear, periodic or chaotic regimes. In addition, the presence of numerous degrees of freedom can give rise to new purely three-dimensional system behaviors, as well as periodic deformations in the case of flexible bodies.<\/p>\t\t\t\t\t\t<\/div>\n\t\t\t\t<\/div>\n\t\t\t\t\t<\/div>\n\t\t\t\t<\/div>\n\t\t\t\t\t<\/div>\n\t\t\t\t<\/div>\n\t\t\t\t\t<\/div>\n\t\t\t\t<\/div>\n\t\t\t\t\t<\/div>\n\t\t\t\t<\/div>\n\t\t\t\t\t\t\t<\/div>","protected":false},"excerpt":{"rendered":"<p>Lineas de investigaci\u00f3n Flujos multif\u00e1sicos Esta l\u00ednea se centra en el estudio de la formaci\u00f3n, ascensi\u00f3n y din\u00e1mica de burbujas con aplicaciones biom\u00e9dicas e industriales. En esta l\u00ednea, se pretenden estudiar los mecanismos de formaci\u00f3n en distintas condiciones: fase l\u00edquida en reposo o en movimiento. Estelas tras cuerpos romos Esta l\u00ednea se centra en la &hellip;<\/p>\n<p class=\"read-more\"> <a class=\"\" href=\"https:\/\/www.mefluife-ujagr.es\/en\/lineas-de-investigacion-y-proyectos\/lineas-de-investigacion\/\"> <span class=\"screen-reader-text\">Lines of research<\/span> Read More &raquo;<\/a><\/p>","protected":false},"author":1,"featured_media":0,"parent":76,"menu_order":0,"comment_status":"closed","ping_status":"closed","template":"","meta":{"site-sidebar-layout":"no-sidebar","site-content-layout":"page-builder","ast-site-content-layout":"","site-content-style":"default","site-sidebar-style":"default","ast-global-header-display":"","ast-banner-title-visibility":"","ast-main-header-display":"","ast-hfb-above-header-display":"","ast-hfb-below-header-display":"","ast-hfb-mobile-header-display":"","site-post-title":"disabled","ast-breadcrumbs-content":"","ast-featured-img":"disabled","footer-sml-layout":"","theme-transparent-header-meta":"","adv-header-id-meta":"","stick-header-meta":"","header-above-stick-meta":"","header-main-stick-meta":"","header-below-stick-meta":"","astra-migrate-meta-layouts":"","footnotes":""},"class_list":["post-1421","page","type-page","status-publish","hentry"],"_links":{"self":[{"href":"https:\/\/www.mefluife-ujagr.es\/en\/wp-json\/wp\/v2\/pages\/1421","targetHints":{"allow":["GET"]}}],"collection":[{"href":"https:\/\/www.mefluife-ujagr.es\/en\/wp-json\/wp\/v2\/pages"}],"about":[{"href":"https:\/\/www.mefluife-ujagr.es\/en\/wp-json\/wp\/v2\/types\/page"}],"author":[{"embeddable":true,"href":"https:\/\/www.mefluife-ujagr.es\/en\/wp-json\/wp\/v2\/users\/1"}],"replies":[{"embeddable":true,"href":"https:\/\/www.mefluife-ujagr.es\/en\/wp-json\/wp\/v2\/comments?post=1421"}],"version-history":[{"count":52,"href":"https:\/\/www.mefluife-ujagr.es\/en\/wp-json\/wp\/v2\/pages\/1421\/revisions"}],"predecessor-version":[{"id":4899,"href":"https:\/\/www.mefluife-ujagr.es\/en\/wp-json\/wp\/v2\/pages\/1421\/revisions\/4899"}],"up":[{"embeddable":true,"href":"https:\/\/www.mefluife-ujagr.es\/en\/wp-json\/wp\/v2\/pages\/76"}],"wp:attachment":[{"href":"https:\/\/www.mefluife-ujagr.es\/en\/wp-json\/wp\/v2\/media?parent=1421"}],"curies":[{"name":"wp","href":"https:\/\/api.w.org\/{rel}","templated":true}]}}