{"id":74,"date":"2023-05-16T08:12:12","date_gmt":"2023-05-16T08:12:12","guid":{"rendered":"https:\/\/www.mefluife-ujagr.es\/?page_id=74"},"modified":"2023-09-29T07:46:17","modified_gmt":"2023-09-29T07:46:17","slug":"sobre-nosotros","status":"publish","type":"page","link":"https:\/\/www.mefluife-ujagr.es\/en\/sobre-nosotros\/","title":{"rendered":"About Us"},"content":{"rendered":"<p>The Fluid Mechanics and Fluid-Structure Interaction Research Group of the Universities of Ja\u00e9n and Granada is a young and very active team, formed by researchers with wide experience in different generalist techniques in Fluid Mechanics, including analytical developments, experiment development and numerical simulations.<\/p>\n\n\n\n<p>The group's main research lines are:<\/p>\n\n\n\n<ul class=\"wp-block-list\">\n<li>The study of <strong>multiphase flows<\/strong>, mainly focused on bubble generation and dynamics.<\/li>\n<\/ul>\n\n\n\n<ul class=\"wp-block-list\">\n<li>The analysis of<strong>&nbsp;trails behind blunt bodies<\/strong>&nbsp;with special interest in the development of passive aerodynamic enhancement systems and in the application of fluid-structure interaction phenomena.<\/li>\n<\/ul>\n\n\n\n<ul class=\"wp-block-list\">\n<li>Los <strong>biomedical flows<\/strong>The analysis of <b>wakes behind blunt bodies<\/b> with special interest in the development of passive aerodynamic enhancement systems and in the application of fluid-structure interaction phenomena.<\/li>\n<\/ul>\n\n\n\n<p>Researchers in the group have also developed research related to fire dynamics in large atria, hydrodynamic stability of jets and wakes, seed dispersion, kinematics and free-body wake.<\/p>","protected":false},"excerpt":{"rendered":"<p>El Grupo de Investigaci\u00f3n de Mec\u00e1nica de Fluidos e Interacci\u00f3n Fluido-Estructura de las Universidades de Ja\u00e9n y Granada es un equipo joven y muy activo, formado por investigadores con amplia experiencia en diferentes t\u00e9cnicas generalistas en Mec\u00e1nica de Fluidos, incluyendo desarrollos anal\u00edticos, desarrollo de experimentos y simulaciones num\u00e9ricas. Las principales l\u00edneas de investigaci\u00f3n del grupo &hellip;<\/p>\n<p class=\"read-more\"> <a class=\"\" href=\"https:\/\/www.mefluife-ujagr.es\/en\/sobre-nosotros\/\"> <span class=\"screen-reader-text\">About Us<\/span> Read More &raquo;<\/a><\/p>","protected":false},"author":1,"featured_media":3934,"parent":0,"menu_order":0,"comment_status":"closed","ping_status":"closed","template":"","meta":{"site-sidebar-layout":"no-sidebar","site-content-layout":"page-builder","ast-site-content-layout":"full-width-container","site-content-style":"unboxed","site-sidebar-style":"unboxed","ast-global-header-display":"","ast-banner-title-visibility":"","ast-main-header-display":"","ast-hfb-above-header-display":"","ast-hfb-below-header-display":"","ast-hfb-mobile-header-display":"","site-post-title":"disabled","ast-breadcrumbs-content":"","ast-featured-img":"disabled","footer-sml-layout":"","theme-transparent-header-meta":"","adv-header-id-meta":"","stick-header-meta":"","header-above-stick-meta":"","header-main-stick-meta":"","header-below-stick-meta":"","astra-migrate-meta-layouts":"set","footnotes":""},"class_list":["post-74","page","type-page","status-publish","has-post-thumbnail","hentry"],"_links":{"self":[{"href":"https:\/\/www.mefluife-ujagr.es\/en\/wp-json\/wp\/v2\/pages\/74","targetHints":{"allow":["GET"]}}],"collection":[{"href":"https:\/\/www.mefluife-ujagr.es\/en\/wp-json\/wp\/v2\/pages"}],"about":[{"href":"https:\/\/www.mefluife-ujagr.es\/en\/wp-json\/wp\/v2\/types\/page"}],"author":[{"embeddable":true,"href":"https:\/\/www.mefluife-ujagr.es\/en\/wp-json\/wp\/v2\/users\/1"}],"replies":[{"embeddable":true,"href":"https:\/\/www.mefluife-ujagr.es\/en\/wp-json\/wp\/v2\/comments?post=74"}],"version-history":[{"count":143,"href":"https:\/\/www.mefluife-ujagr.es\/en\/wp-json\/wp\/v2\/pages\/74\/revisions"}],"predecessor-version":[{"id":3938,"href":"https:\/\/www.mefluife-ujagr.es\/en\/wp-json\/wp\/v2\/pages\/74\/revisions\/3938"}],"wp:featuredmedia":[{"embeddable":true,"href":"https:\/\/www.mefluife-ujagr.es\/en\/wp-json\/wp\/v2\/media\/3934"}],"wp:attachment":[{"href":"https:\/\/www.mefluife-ujagr.es\/en\/wp-json\/wp\/v2\/media?parent=74"}],"curies":[{"name":"wp","href":"https:\/\/api.w.org\/{rel}","templated":true}]}}